{"id":259,"date":"2025-11-04T12:30:26","date_gmt":"2025-11-04T11:30:26","guid":{"rendered":"https:\/\/www.tekanet.pl\/wordpress\/?page_id=259"},"modified":"2025-11-05T16:19:26","modified_gmt":"2025-11-05T15:19:26","slug":"oferta-dla-firm","status":"publish","type":"page","link":"https:\/\/www.tekanet.pl\/index.php\/oferta-dla-firm\/","title":{"rendered":"Oferta dla firm"},"content":{"rendered":"<style>.kadence-column259_6ae175-e5 > .kt-inside-inner-col{padding-top:var(--global-kb-spacing-5xl, 10rem);padding-bottom:var(--global-kb-spacing-5xl, 10rem);padding-left:0px;}.kadence-column259_6ae175-e5 > .kt-inside-inner-col,.kadence-column259_6ae175-e5 > .kt-inside-inner-col:before{border-top-left-radius:0px;border-top-right-radius:0px;border-bottom-right-radius:0px;border-bottom-left-radius:0px;}.kadence-column259_6ae175-e5 > .kt-inside-inner-col{column-gap:var(--global-kb-gap-sm, 1rem);}.kadence-column259_6ae175-e5 > .kt-inside-inner-col{flex-direction:column;}.kadence-column259_6ae175-e5 > .kt-inside-inner-col > .aligncenter{width:100%;}.kadence-column259_6ae175-e5 > .kt-inside-inner-col{background-image:url('https:\/\/www.tekanet.pl\/wp-content\/uploads\/2025\/11\/128319_widok_miasta_budynki_wiezowce_rzeka.jpg');background-size:cover;background-position:center center;background-attachment:scroll;background-repeat:no-repeat;}.kadence-column259_6ae175-e5 > .kt-inside-inner-col:before{opacity:0.71;background-color:#1c1c1d;}.kadence-column259_6ae175-e5{position:relative;}@media all and (max-width: 1024px){.kadence-column259_6ae175-e5 > .kt-inside-inner-col{flex-direction:column;justify-content:center;}}@media all and (max-width: 767px){.kadence-column259_6ae175-e5 > .kt-inside-inner-col{flex-direction:column;justify-content:center;}}<\/style>\n<div class=\"wp-block-kadence-column kadence-column259_6ae175-e5 kb-section-has-overlay\"><div class=\"kt-inside-inner-col\"><style>.wp-block-kadence-advancedheading.kt-adv-heading259_d28f3d-4b, .wp-block-kadence-advancedheading.kt-adv-heading259_d28f3d-4b[data-kb-block=\"kb-adv-heading259_d28f3d-4b\"]{text-align:center;font-style:normal;color:#ffffff;}.wp-block-kadence-advancedheading.kt-adv-heading259_d28f3d-4b mark.kt-highlight, .wp-block-kadence-advancedheading.kt-adv-heading259_d28f3d-4b[data-kb-block=\"kb-adv-heading259_d28f3d-4b\"] mark.kt-highlight{font-style:normal;color:#f76a0c;-webkit-box-decoration-break:clone;box-decoration-break:clone;padding-top:0px;padding-right:0px;padding-bottom:0px;padding-left:0px;}<\/style>\n<h1 class=\"kt-adv-heading259_d28f3d-4b wp-block-kadence-advancedheading\" data-kb-block=\"kb-adv-heading259_d28f3d-4b\">Oferta dla firm<\/h1>\n<\/div><\/div>\n\n\n<style>.kadence-column259_9f6c7e-d8 > .kt-inside-inner-col,.kadence-column259_9f6c7e-d8 > .kt-inside-inner-col:before{border-top-left-radius:0px;border-top-right-radius:0px;border-bottom-right-radius:0px;border-bottom-left-radius:0px;}.kadence-column259_9f6c7e-d8 > .kt-inside-inner-col{column-gap:var(--global-kb-gap-sm, 1rem);}.kadence-column259_9f6c7e-d8 > .kt-inside-inner-col{flex-direction:column;}.kadence-column259_9f6c7e-d8 > .kt-inside-inner-col > .aligncenter{width:100%;}.kadence-column259_9f6c7e-d8 > .kt-inside-inner-col{background-image:linear-gradient(135deg,rgb(214,221,221) 0%,rgb(74,83,124) 100%);}.kadence-column259_9f6c7e-d8 > .kt-inside-inner-col:before{opacity:0.3;}.kadence-column259_9f6c7e-d8{position:relative;}@media all and (max-width: 1024px){.kadence-column259_9f6c7e-d8 > .kt-inside-inner-col{flex-direction:column;justify-content:center;}}@media all and (max-width: 767px){.kadence-column259_9f6c7e-d8 > .kt-inside-inner-col{flex-direction:column;justify-content:center;}}<\/style>\n<div class=\"wp-block-kadence-column kadence-column259_9f6c7e-d8\"><div class=\"kt-inside-inner-col\"><style>.kb-row-layout-id259_e932b5-03 > .kt-row-column-wrap{align-content:start;}:where(.kb-row-layout-id259_e932b5-03 > .kt-row-column-wrap) > .wp-block-kadence-column{justify-content:start;}.kb-row-layout-id259_e932b5-03 > .kt-row-column-wrap{column-gap:var(--global-kb-gap-md, 2rem);row-gap:var(--global-kb-gap-md, 2rem);max-width:1300px;margin-left:auto;margin-right:auto;padding-top:var(--global-kb-spacing-sm, 1.5rem);padding-right:var(--global-kb-spacing-md, 2rem);padding-bottom:var(--global-kb-spacing-sm, 1.5rem);padding-left:var(--global-kb-spacing-md, 2rem);grid-template-columns:repeat(2, minmax(0, 1fr));}.kb-row-layout-id259_e932b5-03 > .kt-row-layout-overlay{opacity:0.30;}@media all and (max-width: 1024px){.kb-row-layout-id259_e932b5-03 > .kt-row-column-wrap{grid-template-columns:repeat(2, minmax(0, 1fr));}}@media all and (max-width: 767px){.kb-row-layout-id259_e932b5-03 > .kt-row-column-wrap{grid-template-columns:minmax(0, 1fr);}}<\/style><div class=\"kb-row-layout-wrap kb-row-layout-id259_e932b5-03 alignnone fade-up delay-1 wp-block-kadence-rowlayout\"><div class=\"kt-row-column-wrap kt-has-2-columns kt-row-layout-equal kt-tab-layout-inherit kt-mobile-layout-row kt-row-valign-top\">\n<style>.kadence-column259_c875e9-ab > .kt-inside-inner-col,.kadence-column259_c875e9-ab > .kt-inside-inner-col:before{border-top-left-radius:0px;border-top-right-radius:0px;border-bottom-right-radius:0px;border-bottom-left-radius:0px;}.kadence-column259_c875e9-ab > .kt-inside-inner-col{column-gap:var(--global-kb-gap-sm, 1rem);}.kadence-column259_c875e9-ab > .kt-inside-inner-col{flex-direction:column;}.kadence-column259_c875e9-ab > .kt-inside-inner-col > .aligncenter{width:100%;}.kadence-column259_c875e9-ab > .kt-inside-inner-col:before{opacity:0.3;}.kadence-column259_c875e9-ab{position:relative;}@media all and (max-width: 1024px){.kadence-column259_c875e9-ab > .kt-inside-inner-col{flex-direction:column;justify-content:center;}}@media all and (max-width: 767px){.kadence-column259_c875e9-ab > .kt-inside-inner-col{flex-direction:column;justify-content:center;}}<\/style>\n<div class=\"wp-block-kadence-column kadence-column259_c875e9-ab\"><div class=\"kt-inside-inner-col\"><style>.wp-block-kadence-advancedheading.kt-adv-heading259_6a232d-62, .wp-block-kadence-advancedheading.kt-adv-heading259_6a232d-62[data-kb-block=\"kb-adv-heading259_6a232d-62\"]{text-align:center;font-weight:400;font-style:normal;}.wp-block-kadence-advancedheading.kt-adv-heading259_6a232d-62 mark.kt-highlight, .wp-block-kadence-advancedheading.kt-adv-heading259_6a232d-62[data-kb-block=\"kb-adv-heading259_6a232d-62\"] mark.kt-highlight{font-style:normal;color:#f76a0c;-webkit-box-decoration-break:clone;box-decoration-break:clone;padding-top:0px;padding-right:0px;padding-bottom:0px;padding-left:0px;}<\/style>\n<h1 class=\"kt-adv-heading259_6a232d-62 wp-block-kadence-advancedheading\" data-kb-block=\"kb-adv-heading259_6a232d-62\">Dlaczego TekaNet?<\/h1>\n\n\n<style>.wp-block-kadence-spacer.kt-block-spacer-259_1ebace-43 .kt-block-spacer{height:20px;}.wp-block-kadence-spacer.kt-block-spacer-259_1ebace-43 .kt-divider{border-top-width:1px;height:1px;border-top-color:#eee;width:80%;border-top-style:solid;}<\/style>\n<div class=\"wp-block-kadence-spacer aligncenter kt-block-spacer-259_1ebace-43\"><div class=\"kt-block-spacer kt-block-spacer-halign-center\"><hr class=\"kt-divider\"\/><\/div><\/div>\n\n\n<style>.wp-block-kadence-advancedheading.kt-adv-heading259_b8ccf2-5c, .wp-block-kadence-advancedheading.kt-adv-heading259_b8ccf2-5c[data-kb-block=\"kb-adv-heading259_b8ccf2-5c\"]{text-align:center;font-style:normal;}.wp-block-kadence-advancedheading.kt-adv-heading259_b8ccf2-5c mark.kt-highlight, .wp-block-kadence-advancedheading.kt-adv-heading259_b8ccf2-5c[data-kb-block=\"kb-adv-heading259_b8ccf2-5c\"] mark.kt-highlight{font-style:normal;color:#f76a0c;-webkit-box-decoration-break:clone;box-decoration-break:clone;padding-top:0px;padding-right:0px;padding-bottom:0px;padding-left:0px;}<\/style>\n<p class=\"kt-adv-heading259_b8ccf2-5c wp-block-kadence-advancedheading\" data-kb-block=\"kb-adv-heading259_b8ccf2-5c\">Dla Twojego biznesu oferujemy symetryczne \u0142\u0105cza z pr\u0119dko\u015bci\u0105 nawet do 10Gbit\/s w technologii \u015bwiat\u0142owodowej. Do ka\u017cdego klienta podchodzimy indywidualnie, cennik ustalany jest wg. Twoich potrzeb. Nie znajdziesz lepszej oferty na rynku lokalnym. Zadzwo\u0144 i przekonaj si\u0119 sam!<\/p>\n\n\n<style>.wp-block-kadence-advancedbtn.kb-btns259_a04eb2-df{gap:var(--global-kb-gap-xs, 0.5rem );justify-content:center;align-items:center;}.kt-btns259_a04eb2-df .kt-button{font-weight:normal;font-style:normal;}.kt-btns259_a04eb2-df .kt-btn-wrap-0{margin-right:5px;}.wp-block-kadence-advancedbtn.kt-btns259_a04eb2-df .kt-btn-wrap-0 .kt-button{color:#555555;border-color:#555555;}.wp-block-kadence-advancedbtn.kt-btns259_a04eb2-df .kt-btn-wrap-0 .kt-button:hover, .wp-block-kadence-advancedbtn.kt-btns259_a04eb2-df .kt-btn-wrap-0 .kt-button:focus{color:#ffffff;border-color:#444444;}.wp-block-kadence-advancedbtn.kt-btns259_a04eb2-df .kt-btn-wrap-0 .kt-button::before{display:none;}.wp-block-kadence-advancedbtn.kt-btns259_a04eb2-df .kt-btn-wrap-0 .kt-button:hover, .wp-block-kadence-advancedbtn.kt-btns259_a04eb2-df .kt-btn-wrap-0 .kt-button:focus{background:#444444;}<\/style>\n<div class=\"wp-block-kadence-advancedbtn kb-buttons-wrap kb-btns259_a04eb2-df\"><style>ul.menu .wp-block-kadence-advancedbtn .kb-btn259_430cec-cf.kb-button{width:initial;}<\/style><span class=\"kb-button kt-button button kb-btn259_430cec-cf kt-btn-size-standard kt-btn-width-type-auto kb-btn-global-fill kt-btn-has-text-true kt-btn-has-svg-false  wp-block-kadence-singlebtn\"><span class=\"kt-btn-inner-text\">Skontaktuj si\u0119!<\/span><\/span><\/div>\n<\/div><\/div>\n\n\n<style>.kadence-column259_a31ab5-86 > .kt-inside-inner-col,.kadence-column259_a31ab5-86 > .kt-inside-inner-col:before{border-top-left-radius:0px;border-top-right-radius:0px;border-bottom-right-radius:0px;border-bottom-left-radius:0px;}.kadence-column259_a31ab5-86 > .kt-inside-inner-col{column-gap:var(--global-kb-gap-sm, 1rem);}.kadence-column259_a31ab5-86 > .kt-inside-inner-col{flex-direction:column;}.kadence-column259_a31ab5-86 > .kt-inside-inner-col > .aligncenter{width:100%;}.kadence-column259_a31ab5-86 > .kt-inside-inner-col:before{opacity:0.3;}.kadence-column259_a31ab5-86{position:relative;}@media all and (max-width: 1024px){.kadence-column259_a31ab5-86 > .kt-inside-inner-col{flex-direction:column;justify-content:center;}}@media all and (max-width: 767px){.kadence-column259_a31ab5-86 > .kt-inside-inner-col{flex-direction:column;justify-content:center;}}<\/style>\n<div class=\"wp-block-kadence-column kadence-column259_a31ab5-86\"><div class=\"kt-inside-inner-col\"><style>.kb-image259_2eafe9-f4 .kb-image-has-overlay:after{opacity:0.3;border-top-left-radius:15px;border-top-right-radius:15px;border-bottom-right-radius:15px;border-bottom-left-radius:15px;}.kb-image259_2eafe9-f4 img.kb-img, .kb-image259_2eafe9-f4 .kb-img img{border-top-left-radius:15px;border-top-right-radius:15px;border-bottom-right-radius:15px;border-bottom-left-radius:15px;box-shadow:20px 20px 17px -1px rgba(0, 0, 0, 0.2);}<\/style>\n<figure class=\"wp-block-kadence-image kb-image259_2eafe9-f4 size-full\"><img loading=\"lazy\" decoding=\"async\" width=\"640\" height=\"374\" src=\"https:\/\/www.tekanet.pl\/wp-content\/uploads\/2025\/11\/biznes1.jpg\" alt=\"\" class=\"kb-img wp-image-275\"\/><\/figure>\n<\/div><\/div>\n\n<\/div><\/div><\/div><\/div>\n","protected":false},"excerpt":{"rendered":"<p>Oferta dla firm Dlaczego TekaNet? Dla Twojego biznesu oferujemy symetryczne \u0142\u0105cza z pr\u0119dko\u015bci\u0105 nawet do 10Gbit\/s w technologii \u015bwiat\u0142owodowej. Do ka\u017cdego klienta podchodzimy indywidualnie, cennik ustalany jest wg. Twoich potrzeb. Nie znajdziesz lepszej oferty na rynku lokalnym. Zadzwo\u0144 i przekonaj si\u0119 sam!<\/p>\n","protected":false},"author":1,"featured_media":0,"parent":0,"menu_order":0,"comment_status":"closed","ping_status":"closed","template":"","meta":{"_kad_post_transparent":"","_kad_post_title":"hide","_kad_post_layout":"fullwidth","_kad_post_sidebar_id":"","_kad_post_content_style":"unboxed","_kad_post_vertical_padding":"","_kad_post_feature":"","_kad_post_feature_position":"","_kad_post_header":false,"_kad_post_footer":false,"_kad_post_classname":"","footnotes":""},"class_list":["post-259","page","type-page","status-publish","hentry"],"_links":{"self":[{"href":"https:\/\/www.tekanet.pl\/index.php\/wp-json\/wp\/v2\/pages\/259","targetHints":{"allow":["GET"]}}],"collection":[{"href":"https:\/\/www.tekanet.pl\/index.php\/wp-json\/wp\/v2\/pages"}],"about":[{"href":"https:\/\/www.tekanet.pl\/index.php\/wp-json\/wp\/v2\/types\/page"}],"author":[{"embeddable":true,"href":"https:\/\/www.tekanet.pl\/index.php\/wp-json\/wp\/v2\/users\/1"}],"replies":[{"embeddable":true,"href":"https:\/\/www.tekanet.pl\/index.php\/wp-json\/wp\/v2\/comments?post=259"}],"version-history":[{"count":12,"href":"https:\/\/www.tekanet.pl\/index.php\/wp-json\/wp\/v2\/pages\/259\/revisions"}],"predecessor-version":[{"id":491,"href":"https:\/\/www.tekanet.pl\/index.php\/wp-json\/wp\/v2\/pages\/259\/revisions\/491"}],"wp:attachment":[{"href":"https:\/\/www.tekanet.pl\/index.php\/wp-json\/wp\/v2\/media?parent=259"}],"curies":[{"name":"wp","href":"https:\/\/api.w.org\/{rel}","templated":true}]}}