{"id":28,"date":"2025-10-23T17:59:34","date_gmt":"2025-10-23T15:59:34","guid":{"rendered":"https:\/\/www.tekanet.pl\/wordpress\/?page_id=28"},"modified":"2025-11-05T16:20:15","modified_gmt":"2025-11-05T15:20:15","slug":"zasieg","status":"publish","type":"page","link":"https:\/\/www.tekanet.pl\/index.php\/zasieg\/","title":{"rendered":"Zasi\u0119g"},"content":{"rendered":"<style>.kadence-column28_2013f9-f2 > .kt-inside-inner-col{padding-top:var(--global-kb-spacing-4xl, 8rem);padding-bottom:var(--global-kb-spacing-4xl, 8rem);}.kadence-column28_2013f9-f2 > .kt-inside-inner-col,.kadence-column28_2013f9-f2 > .kt-inside-inner-col:before{border-top-left-radius:0px;border-top-right-radius:0px;border-bottom-right-radius:0px;border-bottom-left-radius:0px;}.kadence-column28_2013f9-f2 > .kt-inside-inner-col{column-gap:var(--global-kb-gap-sm, 1rem);}.kadence-column28_2013f9-f2 > .kt-inside-inner-col{flex-direction:column;}.kadence-column28_2013f9-f2 > .kt-inside-inner-col > .aligncenter{width:100%;}.kadence-column28_2013f9-f2 > .kt-inside-inner-col{background-image:url('https:\/\/www.tekanet.pl\/wp-content\/uploads\/2025\/11\/range.jpg');background-size:cover;background-position:center center;background-attachment:scroll;background-repeat:no-repeat;}.kadence-column28_2013f9-f2 > .kt-inside-inner-col:before{opacity:0.57;background-color:#000000;}.kadence-column28_2013f9-f2{position:relative;}@media all and (max-width: 1024px){.kadence-column28_2013f9-f2 > .kt-inside-inner-col{flex-direction:column;justify-content:center;}}@media all and (max-width: 767px){.kadence-column28_2013f9-f2 > .kt-inside-inner-col{flex-direction:column;justify-content:center;}}<\/style>\n<div class=\"wp-block-kadence-column kadence-column28_2013f9-f2 kb-section-has-overlay\"><div class=\"kt-inside-inner-col\"><style>.wp-block-kadence-advancedheading.kt-adv-heading28_62e04b-7e, .wp-block-kadence-advancedheading.kt-adv-heading28_62e04b-7e[data-kb-block=\"kb-adv-heading28_62e04b-7e\"]{text-align:center;font-style:normal;}.wp-block-kadence-advancedheading.kt-adv-heading28_62e04b-7e mark.kt-highlight, .wp-block-kadence-advancedheading.kt-adv-heading28_62e04b-7e[data-kb-block=\"kb-adv-heading28_62e04b-7e\"] mark.kt-highlight{font-style:normal;color:#f76a0c;-webkit-box-decoration-break:clone;box-decoration-break:clone;padding-top:0px;padding-right:0px;padding-bottom:0px;padding-left:0px;}<\/style>\n<h2 class=\"kt-adv-heading28_62e04b-7e wp-block-kadence-advancedheading has-theme-palette-9-color has-text-color\" data-kb-block=\"kb-adv-heading28_62e04b-7e\">Zasi\u0119g<\/h2>\n<\/div><\/div>\n\n\n<style>.kadence-column28_1728e9-1f{max-width:65%;margin-left:auto;margin-right:auto;}.wp-block-kadence-column.kb-section-dir-horizontal:not(.kb-section-md-dir-vertical)>.kt-inside-inner-col>.kadence-column28_1728e9-1f{-webkit-flex:0 1 65%;flex:0 1 65%;max-width:unset;margin-left:unset;margin-right:unset;}.kadence-column28_1728e9-1f > .kt-inside-inner-col,.kadence-column28_1728e9-1f > .kt-inside-inner-col:before{border-top-left-radius:0px;border-top-right-radius:0px;border-bottom-right-radius:0px;border-bottom-left-radius:0px;}.kadence-column28_1728e9-1f > .kt-inside-inner-col{column-gap:var(--global-kb-gap-sm, 1rem);}.kadence-column28_1728e9-1f > .kt-inside-inner-col{flex-direction:column;}.kadence-column28_1728e9-1f > .kt-inside-inner-col > .aligncenter{width:100%;}.kadence-column28_1728e9-1f > .kt-inside-inner-col:before{opacity:0.3;}.kadence-column28_1728e9-1f{position:relative;}@media all and (min-width: 1025px){.wp-block-kadence-column.kb-section-dir-horizontal>.kt-inside-inner-col>.kadence-column28_1728e9-1f{-webkit-flex:0 1 65%;flex:0 1 65%;max-width:unset;margin-left:unset;margin-right:unset;}}@media all and (max-width: 1024px){.kadence-column28_1728e9-1f{max-width:90%;}}@media all and (max-width: 1024px){.wp-block-kadence-column.kb-section-dir-horizontal:not(.kb-section-md-dir-vertical)>.kt-inside-inner-col>.kadence-column28_1728e9-1f{-webkit-flex:0 1 90%;flex:0 1 90%;}}@media all and (max-width: 1024px){.kadence-column28_1728e9-1f > .kt-inside-inner-col{flex-direction:column;justify-content:center;}}@media all and (min-width: 768px) and (max-width: 1024px){.wp-block-kadence-column.kb-section-dir-horizontal>.kt-inside-inner-col>.kadence-column28_1728e9-1f{-webkit-flex:0 1 90%;flex:0 1 90%;max-width:unset;margin-left:unset;margin-right:unset;}}@media all and (max-width: 767px){.kadence-column28_1728e9-1f{max-width:90%;margin-left:auto;margin-right:auto;}.wp-block-kadence-column.kb-section-sm-dir-vertical:not(.kb-section-sm-dir-horizontal):not(.kb-section-sm-dir-specificity)>.kt-inside-inner-col>.kadence-column28_1728e9-1f{-webkit-flex:0 1 90%;flex:0 1 90%;}.wp-block-kadence-column>.kt-inside-inner-col>.kadence-column28_1728e9-1f{-webkit-flex:1 90%;flex:1 90%;}.wp-block-kadence-column.kb-section-sm-dir-horizontal>.kt-inside-inner-col>.kadence-column28_1728e9-1f, .wp-block-kadence-column.kb-section-dir-horizontal:not(.kb-section-sm-dir-vertical):not(.kb-section-md-dir-vertical) >.kt-inside-inner-col>.kadence-column28_1728e9-1f{-webkit-flex:0 1 90%;flex:0 1 90%;max-width:unset;margin-left:unset;margin-right:unset;}.kadence-column28_1728e9-1f > .kt-inside-inner-col{flex-direction:column;justify-content:center;}}<\/style>\n<div class=\"wp-block-kadence-column kadence-column28_1728e9-1f\"><div class=\"kt-inside-inner-col\"><style>.kadence-column28_20b136-47 > .kt-inside-inner-col,.kadence-column28_20b136-47 > .kt-inside-inner-col:before{border-top-left-radius:0px;border-top-right-radius:0px;border-bottom-right-radius:0px;border-bottom-left-radius:0px;}.kadence-column28_20b136-47 > .kt-inside-inner-col{column-gap:var(--global-kb-gap-sm, 1rem);}.kadence-column28_20b136-47 > .kt-inside-inner-col{flex-direction:column;}.kadence-column28_20b136-47 > .kt-inside-inner-col > .aligncenter{width:100%;}.kadence-column28_20b136-47 > .kt-inside-inner-col:before{opacity:0.3;}.kadence-column28_20b136-47{position:relative;}@media all and (max-width: 1024px){.kadence-column28_20b136-47 > .kt-inside-inner-col{flex-direction:column;justify-content:center;}}@media all and (max-width: 767px){.kadence-column28_20b136-47 > .kt-inside-inner-col{flex-direction:column;justify-content:center;}}<\/style>\n<div class=\"wp-block-kadence-column kadence-column28_20b136-47\"><div class=\"kt-inside-inner-col\"><style>.wp-block-kadence-advancedheading.kt-adv-heading28_ee3403-9d, .wp-block-kadence-advancedheading.kt-adv-heading28_ee3403-9d[data-kb-block=\"kb-adv-heading28_ee3403-9d\"]{margin-top:var(--global-kb-spacing-lg, 3rem);text-align:center;font-style:normal;}.wp-block-kadence-advancedheading.kt-adv-heading28_ee3403-9d mark.kt-highlight, .wp-block-kadence-advancedheading.kt-adv-heading28_ee3403-9d[data-kb-block=\"kb-adv-heading28_ee3403-9d\"] mark.kt-highlight{font-style:normal;color:#f76a0c;-webkit-box-decoration-break:clone;box-decoration-break:clone;padding-top:0px;padding-right:0px;padding-bottom:0px;padding-left:0px;}<\/style>\n<h2 class=\"kt-adv-heading28_ee3403-9d wp-block-kadence-advancedheading\" data-kb-block=\"kb-adv-heading28_ee3403-9d\">Sprawd\u017a czy jeste\u015b w zasi\u0119gu<\/h2>\n\n\n<style>.wp-block-kadence-spacer.kt-block-spacer-28_2c3fbe-0e .kt-block-spacer{height:60px;}.wp-block-kadence-spacer.kt-block-spacer-28_2c3fbe-0e .kt-divider{border-top-width:1px;height:1px;border-top-color:#eee;width:80%;border-top-style:solid;}<\/style>\n<div class=\"wp-block-kadence-spacer aligncenter kt-block-spacer-28_2c3fbe-0e\"><div class=\"kt-block-spacer kt-block-spacer-halign-center\"><hr class=\"kt-divider\"\/><\/div><\/div>\n\n\n<style>.wp-block-kadence-advancedheading.kt-adv-heading28_843bd0-53, .wp-block-kadence-advancedheading.kt-adv-heading28_843bd0-53[data-kb-block=\"kb-adv-heading28_843bd0-53\"]{display:block;text-align:center;font-style:normal;}.wp-block-kadence-advancedheading.kt-adv-heading28_843bd0-53 mark.kt-highlight, .wp-block-kadence-advancedheading.kt-adv-heading28_843bd0-53[data-kb-block=\"kb-adv-heading28_843bd0-53\"] mark.kt-highlight{font-style:normal;color:#f76a0c;-webkit-box-decoration-break:clone;box-decoration-break:clone;padding-top:0px;padding-right:0px;padding-bottom:0px;padding-left:0px;}<\/style>\n<span class=\"kt-adv-heading28_843bd0-53 wp-block-kadence-advancedheading\" data-kb-block=\"kb-adv-heading28_843bd0-53\">W celu uzyskania dok\u0142adnej informacji o dost\u0119pno\u015bci internetu w danym miejscu prosimy o <a href=\"https:\/\/www.tekanet.pl\/index.php#KONTAKT\">kontakt<\/a> &gt;<\/span>\n<\/div><\/div>\n<\/div><\/div>\n","protected":false},"excerpt":{"rendered":"<p>Zasi\u0119g Sprawd\u017a czy jeste\u015b w zasi\u0119gu W celu uzyskania dok\u0142adnej informacji o dost\u0119pno\u015bci internetu w danym miejscu prosimy o kontakt &gt;<\/p>\n","protected":false},"author":1,"featured_media":0,"parent":0,"menu_order":0,"comment_status":"closed","ping_status":"closed","template":"","meta":{"_kad_post_transparent":"","_kad_post_title":"hide","_kad_post_layout":"fullwidth","_kad_post_sidebar_id":"","_kad_post_content_style":"unboxed","_kad_post_vertical_padding":"","_kad_post_feature":"","_kad_post_feature_position":"","_kad_post_header":false,"_kad_post_footer":false,"_kad_post_classname":"","footnotes":""},"class_list":["post-28","page","type-page","status-publish","hentry"],"_links":{"self":[{"href":"https:\/\/www.tekanet.pl\/index.php\/wp-json\/wp\/v2\/pages\/28","targetHints":{"allow":["GET"]}}],"collection":[{"href":"https:\/\/www.tekanet.pl\/index.php\/wp-json\/wp\/v2\/pages"}],"about":[{"href":"https:\/\/www.tekanet.pl\/index.php\/wp-json\/wp\/v2\/types\/page"}],"author":[{"embeddable":true,"href":"https:\/\/www.tekanet.pl\/index.php\/wp-json\/wp\/v2\/users\/1"}],"replies":[{"embeddable":true,"href":"https:\/\/www.tekanet.pl\/index.php\/wp-json\/wp\/v2\/comments?post=28"}],"version-history":[{"count":6,"href":"https:\/\/www.tekanet.pl\/index.php\/wp-json\/wp\/v2\/pages\/28\/revisions"}],"predecessor-version":[{"id":492,"href":"https:\/\/www.tekanet.pl\/index.php\/wp-json\/wp\/v2\/pages\/28\/revisions\/492"}],"wp:attachment":[{"href":"https:\/\/www.tekanet.pl\/index.php\/wp-json\/wp\/v2\/media?parent=28"}],"curies":[{"name":"wp","href":"https:\/\/api.w.org\/{rel}","templated":true}]}}